{"id":244,"date":"2019-12-04T13:49:24","date_gmt":"2019-12-04T16:49:24","guid":{"rendered":"http:\/\/casanobreestofados.com.br\/?page_id=244"},"modified":"2023-08-22T21:12:57","modified_gmt":"2023-08-23T00:12:57","slug":"sobre","status":"publish","type":"page","link":"https:\/\/casanobreestofados.com.br\/?page_id=244","title":{"rendered":"Sobre"},"content":{"rendered":"<div class=\"wpb-content-wrapper\"><p>[vc_row][vc_column][\/vc_column][\/vc_row][vc_row][vc_column][vc_custom_heading text=&#8221;A Casa Nobre Estofados&#8221; font_container=&#8221;tag:h3|text_align:left&#8221; use_theme_fonts=&#8221;yes&#8221;][vc_column_text]<\/p>\n<p>Atuando no mercado moveleiro desde 2004. A Casa Nobre \u00e9 uma empresa inovadora focada na produ\u00e7\u00e3o de m\u00f3veis estofados que busca atender as necessidades do mercado, combinando as mais recentes tend\u00eancias a funcionalidade.<\/p>\n<p>O alto rigor na escolha da mat\u00e9ria-prima, excel\u00eancia em qualidade, investimento em tecnologia s\u00e3o apenas algumas das principais constantes que fazem a Casa Nobre se destacar no mercado. Todo esse esfor\u00e7o resulta em um m\u00f3vel com personalidade pr\u00f3pria, adaptado a atender um mercado cada vez mais exigente e \u00e1vido por novidades.<\/p>\n<p>Os produtos que saem de nossa f\u00e1brica para o seu lar s\u00e3o perfeitos para acolher voc\u00ea, sua fam\u00edlia e amigos. Eles carregam uma boa dose de carinho, que foi empregado em sua produ\u00e7\u00e3o, para que voc\u00ea possa viver momentos \u00fanicos e cheios de alegria.<\/p>\n<p>[\/vc_column_text][\/vc_column][\/vc_row]<\/p>\n<\/div>","protected":false},"excerpt":{"rendered":"<p>[vc_row][vc_column][\/vc_column][\/vc_row][vc_row][vc_column][vc_custom_heading text=&#8221;A Casa Nobre Estofados&#8221; font_container=&#8221;tag:h3|text_align:left&#8221; use_theme_fonts=&#8221;yes&#8221;][vc_column_text] Atuando no mercado moveleiro desde 2004. A Casa Nobre \u00e9 uma empresa inovadora focada na produ\u00e7\u00e3o de m\u00f3veis estofados que busca atender as necessidades do mercado, combinando as mais recentes tend\u00eancias a funcionalidade. O alto rigor na escolha da mat\u00e9ria-prima, excel\u00eancia em qualidade, investimento em tecnologia s\u00e3o apenas [&hellip;]<\/p>\n","protected":false},"author":1,"featured_media":0,"parent":0,"menu_order":0,"comment_status":"closed","ping_status":"closed","template":"","meta":{"_mo_disable_npp":"","footnotes":""},"class_list":["post-244","page","type-page","status-publish","hentry"],"_links":{"self":[{"href":"https:\/\/casanobreestofados.com.br\/index.php?rest_route=\/wp\/v2\/pages\/244","targetHints":{"allow":["GET"]}}],"collection":[{"href":"https:\/\/casanobreestofados.com.br\/index.php?rest_route=\/wp\/v2\/pages"}],"about":[{"href":"https:\/\/casanobreestofados.com.br\/index.php?rest_route=\/wp\/v2\/types\/page"}],"author":[{"embeddable":true,"href":"https:\/\/casanobreestofados.com.br\/index.php?rest_route=\/wp\/v2\/users\/1"}],"replies":[{"embeddable":true,"href":"https:\/\/casanobreestofados.com.br\/index.php?rest_route=%2Fwp%2Fv2%2Fcomments&post=244"}],"version-history":[{"count":12,"href":"https:\/\/casanobreestofados.com.br\/index.php?rest_route=\/wp\/v2\/pages\/244\/revisions"}],"predecessor-version":[{"id":794,"href":"https:\/\/casanobreestofados.com.br\/index.php?rest_route=\/wp\/v2\/pages\/244\/revisions\/794"}],"wp:attachment":[{"href":"https:\/\/casanobreestofados.com.br\/index.php?rest_route=%2Fwp%2Fv2%2Fmedia&parent=244"}],"curies":[{"name":"wp","href":"https:\/\/api.w.org\/{rel}","templated":true}]}}