{"id":248,"date":"2019-12-04T13:50:08","date_gmt":"2019-12-04T16:50:08","guid":{"rendered":"http:\/\/casanobreestofados.com.br\/?page_id=248"},"modified":"2024-09-11T21:07:24","modified_gmt":"2024-09-12T00:07:24","slug":"ondecomprar","status":"publish","type":"page","link":"https:\/\/casanobreestofados.com.br\/?page_id=248","title":{"rendered":"Onde Comprar"},"content":{"rendered":"<div class=\"wpb-content-wrapper\"><p>[vc_row][vc_column][vc_tta_tabs color=&#8221;juicy-pink&#8221; active_section=&#8221;1&#8243;][vc_tta_section title=&#8221;Esp\u00edrito Santo&#8221; tab_id=&#8221;1726099425489-7686bcc8-d6ed&#8221;][vc_column_text]<\/p>\n<ul>\n<li><strong>LAJ representa\u00e7\u00f5es<\/strong><br \/>\n<strong>Alex:<\/strong>\u00a0(32) 98412-6628 leovrb08@gmail.com<br \/>\n<strong>Jos\u00e9:<\/strong>\u00a0(32) 99821-2400 joserep.jv@gmail.com<br \/>\n<strong>Mirelly:<\/strong>\u00a0(32) 98409-6160<\/li>\n<\/ul>\n<p>[\/vc_column_text][\/vc_tta_section][vc_tta_section title=&#8221;Minas Gerais&#8221; tab_id=&#8221;1726099425494-f2e9fa87-e950&#8243;][vc_column_text]<\/p>\n<p><strong>Regi\u00e3o: ZONA DA MATA<\/strong><\/p>\n<ul>\n<li><strong>Gustavo Laud<\/strong><br \/>\nTel: (32) 98424-6189<br \/>\nEmail:gustavolaud@yahoo.com.br<\/li>\n<\/ul>\n<p><strong>Regi\u00e3o: VALE DO A\u00c7O<\/strong><\/p>\n<ul>\n<li><strong>Ribeiro e Azevedo Representa\u00e7\u00f5es (Bruno):<\/strong><br \/>\nTel:(33) 99995-4980<br \/>\nEmail: brunoribeirorep@gmail.com<\/li>\n<\/ul>\n<p><strong>Regi\u00e3o: OESTE\/ SUL MINAS<\/strong><\/p>\n<ul>\n<li><strong>Gabriel:<\/strong><br \/>\nTel: (32) 99966-2889<br \/>\nEmail: gabrielsilva-@live.com<\/li>\n<\/ul>\n<p>[\/vc_column_text][\/vc_tta_section][vc_tta_section title=&#8221;Rio de Janeiro&#8221; tab_id=&#8221;1726099474030-8fed89f5-b3ee&#8221;][vc_column_text]<\/p>\n<p><strong>Regi\u00e3o: RIO CAPITAL<\/strong><\/p>\n<ul>\n<li><strong>Ronaldo Guiducci:<\/strong><br \/>\nTel: (32) 98862-0182<br \/>\nEmail: ronaldoguiducci@gmail.com<\/li>\n<\/ul>\n<p><strong>Regi\u00e3o: SUL FLUMINENSE<\/strong><\/p>\n<ul>\n<li><strong>Rog\u00e9rio dos Santos:<\/strong><br \/>\nTel:(32) 98472-0340<br \/>\nEmail: rogeriosantos.uba@hotmail.com<\/li>\n<\/ul>\n<p><strong>Regi\u00e3o: Regi\u00e3o dos Lagos, Norte RJ e Serrana<\/strong><\/p>\n<ul>\n<li><strong>Gustavo Laud:<\/strong><br \/>\nTel:(32)98424-6189<br \/>\nEmail: gustavolaud@yahoo.com.br<\/li>\n<\/ul>\n<p>[\/vc_column_text][\/vc_tta_section][vc_tta_section title=&#8221;S\u00e3o Paulo&#8221; tab_id=&#8221;1726099475407-4705f8dd-fe7f&#8221;][vc_column_text]<\/p>\n<p><strong>Regi\u00e3o: VALE DO PARA\u00cdBA<br \/>\n<\/strong><\/p>\n<ul>\n<li><strong>Rog\u00e9rio dos Santos<\/strong><br \/>\nTel: (32)98472-0340<br \/>\nEmail: rogeriosantos.uba@hotmail.com<\/li>\n<\/ul>\n<p><strong>Regi\u00e3o: CAPITAL E GRANDE S\u00c3O PAULO<br \/>\n<\/strong><\/p>\n<ul>\n<li><strong>Amin Mourad M\u00f3veis EPP<\/strong><br \/>\n<em><strong>Amin<\/strong>:<\/em><br \/>\nTel:(11)99483-9516<br \/>\nEmail: mmrepresentacoes.amin@gmail.com<br \/>\n<em><strong>Ayman<\/strong>:<\/em><br \/>\nTel:(11)99109-9002<br \/>\nEmail: aymanmourad19@gmail.com<br \/>\nEmail: viva.sac@hotmail.com<\/li>\n<\/ul>\n<p>[\/vc_column_text][\/vc_tta_section][\/vc_tta_tabs][\/vc_column][\/vc_row]<\/p>\n<\/div>","protected":false},"excerpt":{"rendered":"<p>[vc_row][vc_column][vc_tta_tabs color=&#8221;juicy-pink&#8221; active_section=&#8221;1&#8243;][vc_tta_section title=&#8221;Esp\u00edrito Santo&#8221; tab_id=&#8221;1726099425489-7686bcc8-d6ed&#8221;][vc_column_text] LAJ representa\u00e7\u00f5es Alex:\u00a0(32) 98412-6628 leovrb08@gmail.com Jos\u00e9:\u00a0(32) 99821-2400 joserep.jv@gmail.com Mirelly:\u00a0(32) 98409-6160 [\/vc_column_text][\/vc_tta_section][vc_tta_section title=&#8221;Minas Gerais&#8221; tab_id=&#8221;1726099425494-f2e9fa87-e950&#8243;][vc_column_text] Regi\u00e3o: ZONA DA MATA Gustavo Laud Tel: (32) 98424-6189 Email:gustavolaud@yahoo.com.br Regi\u00e3o: VALE DO A\u00c7O Ribeiro e Azevedo Representa\u00e7\u00f5es (Bruno): Tel:(33) 99995-4980 Email: brunoribeirorep@gmail.com Regi\u00e3o: OESTE\/ SUL MINAS Gabriel: Tel: (32) 99966-2889 Email: gabrielsilva-@live.com [\/vc_column_text][\/vc_tta_section][vc_tta_section title=&#8221;Rio [&hellip;]<\/p>\n","protected":false},"author":1,"featured_media":0,"parent":0,"menu_order":0,"comment_status":"closed","ping_status":"closed","template":"","meta":{"_mo_disable_npp":"","footnotes":""},"class_list":["post-248","page","type-page","status-publish","hentry"],"_links":{"self":[{"href":"https:\/\/casanobreestofados.com.br\/index.php?rest_route=\/wp\/v2\/pages\/248","targetHints":{"allow":["GET"]}}],"collection":[{"href":"https:\/\/casanobreestofados.com.br\/index.php?rest_route=\/wp\/v2\/pages"}],"about":[{"href":"https:\/\/casanobreestofados.com.br\/index.php?rest_route=\/wp\/v2\/types\/page"}],"author":[{"embeddable":true,"href":"https:\/\/casanobreestofados.com.br\/index.php?rest_route=\/wp\/v2\/users\/1"}],"replies":[{"embeddable":true,"href":"https:\/\/casanobreestofados.com.br\/index.php?rest_route=%2Fwp%2Fv2%2Fcomments&post=248"}],"version-history":[{"count":19,"href":"https:\/\/casanobreestofados.com.br\/index.php?rest_route=\/wp\/v2\/pages\/248\/revisions"}],"predecessor-version":[{"id":892,"href":"https:\/\/casanobreestofados.com.br\/index.php?rest_route=\/wp\/v2\/pages\/248\/revisions\/892"}],"wp:attachment":[{"href":"https:\/\/casanobreestofados.com.br\/index.php?rest_route=%2Fwp%2Fv2%2Fmedia&parent=248"}],"curies":[{"name":"wp","href":"https:\/\/api.w.org\/{rel}","templated":true}]}}